{"id":14,"date":"2026-01-14T15:49:00","date_gmt":"2026-01-14T15:49:00","guid":{"rendered":"https:\/\/husch-handhabungstechnik.de\/?page_id=14"},"modified":"2026-02-13T12:35:30","modified_gmt":"2026-02-13T12:35:30","slug":"produkte","status":"publish","type":"page","link":"https:\/\/husch-handhabungstechnik.de\/en\/produkte\/","title":{"rendered":"Products"},"content":{"rendered":"<div class=\"et_pb_section_0 et_pb_section et_section_regular et_block_section preset--module--divi-section--asyjz0hip5\">\n<div class=\"et_pb_row_0 et_pb_row et_flex_row preset--module--divi-row--4q7ecc6e01\">\n<div class=\"et_pb_column_0 et_pb_column et-last-child et_flex_column et_pb_css_mix_blend_mode_passthrough et_flex_column_24_24 et_flex_column_24_24_tablet et_flex_column_24_24_phone et_flex_column_24_24_widescreen\">\n<div class=\"et_pb_group_0 et_pb_group et-last-child et_pb_module et_flex_group et_pb_css_mix_blend_mode_passthrough\">\n<div class=\"et_pb_heading_0 et_pb_heading et_pb_module et_flex_module preset--group--divi-heading--divi-spacing--m0rr46ilzp preset--group--divi-heading--divi-font--hp5h6dj--jnk33ap9dy\"><div class=\"et_pb_heading_container\"><h2 class=\"et_pb_module_header\">HUSCH Handling Technology - Our products<\/h2><\/div><\/div>\n\n<div class=\"et_pb_text_0 et_pb_text et_pb_bg_layout_light et_pb_module et_flex_module preset--group--divi-text--divi-spacing--1q6lq8utwj preset--group--divi-text--divi-font-body--h1yjkjr--yw843l4qtf\"><div class=\"et_pb_text_inner\"><p>HUSCH Handling Technology offers you a comprehensive range of modern products for ergonomic, safe and efficient automation processes. Our portfolio covers the entire range of handling technology, automation technology, industrial automation, special machine construction and gripper technology - perfect for demanding applications in production, manufacturing and assembly.<\/p>\n<\/div><\/div>\n<\/div>\n<\/div>\n<\/div>\n<\/div>\n\n<div class=\"et_pb_section_1 et_pb_section et_section_regular et_flex_section preset--module--divi-section--asyjz0hip5\">\n<div class=\"et_pb_row_1 et_pb_row et_flex_row preset--module--divi-row--4q7ecc6e01\">\n<div class=\"et_pb_column_1 et_pb_column et-last-child et_flex_column et_pb_css_mix_blend_mode_passthrough et_flex_column_24_24 et_flex_column_24_24_tablet et_flex_column_24_24_phone et_flex_column_24_24_widescreen\">\n<div class=\"et_pb_text_1 et_pb_text et_pb_bg_layout_light et_pb_module et_flex_module preset--group--divi-text--divi-font-body--h1yjkjr--a2xyn5e80i\"><div class=\"et_pb_text_inner\"><p>Below you will find a structured overview of our products:<\/p>\n<\/div><\/div>\n<\/div>\n<\/div>\n<\/div>\n\n<div class=\"et_pb_section_2 et_pb_section et_section_regular et_flex_section\">\n<div class=\"et_pb_row_2 et_pb_row et_flex_row preset--module--divi-row--4q7ecc6e01\">\n<div class=\"et_pb_column_2 et_pb_column et_flex_column et_pb_css_mix_blend_mode_passthrough et_flex_column_12_24 et_flex_column_12_24_tablet et_flex_column_24_24_phone et_flex_column_12_24_widescreen\">\n<div class=\"et_pb_group_1 et_pb_group et-last-child et_pb_module et_flex_group et_pb_css_mix_blend_mode_passthrough preset--group--divi-group--divi-layout--dg66j0gdqp\">\n<div class=\"et_pb_heading_1 et_pb_heading et_pb_module et_flex_module preset--group--divi-heading--divi-font--hp5h6dj--jnk33ap9dy\"><div class=\"et_pb_heading_container\"><h2 class=\"et_pb_module_header\">Manipulators<\/h2><\/div><\/div>\n\n<div class=\"et_pb_text_2 et_pb_text et_pb_bg_layout_light et_pb_module et_flex_module preset--group--divi-text--divi-font-body--h1yjkjr--yw843l4qtf\"><div class=\"et_pb_text_inner\"><p>The most effective solution for moving your products.<\/p>\n<\/div><\/div>\n\n<div class=\"et_pb_module et_pb_button_module_wrapper et_pb_button_0_wrapper preset--module--divi-button--659vn77b6s_wrapper\"><a class=\"et_pb_button_0 et_pb_button et_pb_bg_layout_light et_pb_module et_flex_module preset--module--divi-button--659vn77b6s\" href=\"https:\/\/husch-handhabungstechnik.de\/en\/manipulatoren\/\">To the manipulators<\/a><\/div>\n<\/div>\n<\/div>\n\n<div class=\"et_pb_column_3 et_pb_column et-last-child et_flex_column et_pb_css_mix_blend_mode_passthrough et_flex_column_12_24 et_flex_column_12_24_tablet et_flex_column_12_24_phone et_flex_column_12_24_widescreen preset--module--divi-column--puzjwmi6hz\">\n<div class=\"et_pb_gallery_0 et_pb_gallery et_pb_bg_layout_light et_pb_gallery_grid et_pb_module\" data-auto-rotate=\"off\" data-auto-rotate-speed=\"\"><div class=\"et_pb_gallery_items et_post_gallery clearfix et_grid_module\" data-per_page=\"4\"><div class=\"et_pb_gallery_item et_pb_grid_item et_pb_gallery_item_0_0\"><div class=\"et_pb_gallery_image landscape\" data-per_page=\"4\"><a href=\"https:\/\/husch-handhabungstechnik.de\/wp-content\/uploads\/2026\/01\/parallel-manipulator-mobile-bodenplatte.webp\" title=\"PARALLEL manipulator on mobile base plate\"><img loading=\"lazy\" decoding=\"async\" width=\"1280\" height=\"1280\" src=\"https:\/\/husch-handhabungstechnik.de\/wp-content\/uploads\/2026\/01\/parallel-manipulator-mobile-bodenplatte.webp\" alt=\"Ein Screenshot eines Knickarm Manipulators mit Stands\u00e4ule auf einer mobilen Bodenplatte\" class=\"wp-image-318462\" srcset=\"https:\/\/husch-handhabungstechnik.de\/wp-content\/uploads\/2026\/01\/parallel-manipulator-mobile-bodenplatte.webp 479w, https:\/\/husch-handhabungstechnik.de\/wp-content\/uploads\/2026\/01\/parallel-manipulator-mobile-bodenplatte.webp 480w\" sizes=\"(max-width:479px) 479px, 100vw\" \/><span class=\"et_overlay\" data-icon=\"\" data-icon-tablet=\"\" data-icon-phone=\"\"><\/span><\/a><\/div><\/div><div class=\"et_pb_gallery_item et_pb_grid_item et_pb_gallery_item_0_1\"><div class=\"et_pb_gallery_image landscape\" data-per_page=\"4\"><a href=\"https:\/\/husch-handhabungstechnik.de\/wp-content\/uploads\/2026\/01\/seil-knickarm-deckenbefestigung-pos3.webp\" title=\"SEIL articulated arm manipulator with ceiling bracket\"><img loading=\"lazy\" decoding=\"async\" width=\"1280\" height=\"1280\" src=\"https:\/\/husch-handhabungstechnik.de\/wp-content\/uploads\/2026\/01\/seil-knickarm-deckenbefestigung-pos3.webp\" alt=\"\" class=\"wp-image-318135\" srcset=\"https:\/\/husch-handhabungstechnik.de\/wp-content\/uploads\/2026\/01\/seil-knickarm-deckenbefestigung-pos3.webp 479w, https:\/\/husch-handhabungstechnik.de\/wp-content\/uploads\/2026\/01\/seil-knickarm-deckenbefestigung-pos3.webp 480w\" sizes=\"(max-width:479px) 479px, 100vw\" \/><span class=\"et_overlay\" data-icon=\"\" data-icon-tablet=\"\" data-icon-phone=\"\"><\/span><\/a><\/div><\/div><div class=\"et_pb_gallery_item et_pb_grid_item et_pb_gallery_item_0_2\"><div class=\"et_pb_gallery_image landscape\" data-per_page=\"4\"><a href=\"https:\/\/husch-handhabungstechnik.de\/wp-content\/uploads\/2026\/01\/seil-schienensystem-pos1.webp\" title=\"SEIL Manipulator in light crane system lengthways\"><img loading=\"lazy\" decoding=\"async\" width=\"1280\" height=\"1280\" src=\"https:\/\/husch-handhabungstechnik.de\/wp-content\/uploads\/2026\/01\/seil-schienensystem-pos1.webp\" alt=\"\" class=\"wp-image-318139\" srcset=\"https:\/\/husch-handhabungstechnik.de\/wp-content\/uploads\/2026\/01\/seil-schienensystem-pos1.webp 479w, https:\/\/husch-handhabungstechnik.de\/wp-content\/uploads\/2026\/01\/seil-schienensystem-pos1.webp 480w\" sizes=\"(max-width:479px) 479px, 100vw\" \/><span class=\"et_overlay\" data-icon=\"\" data-icon-tablet=\"\" data-icon-phone=\"\"><\/span><\/a><\/div><\/div><\/div><\/div>\n<\/div>\n<\/div>\n<\/div>\n\n<div class=\"et_pb_section_3 et_pb_section et_section_regular et_flex_section\">\n<div class=\"et_pb_row_3 et_pb_row et_flex_row preset--module--divi-row--4q7ecc6e01\">\n<div class=\"et_pb_column_4 et_pb_column et_flex_column et_pb_css_mix_blend_mode_passthrough et_flex_column_12_24 et_flex_column_12_24_tablet et_flex_column_24_24_phone et_flex_column_12_24_widescreen\">\n<div class=\"et_pb_group_2 et_pb_group et-last-child et_pb_module et_flex_group et_pb_css_mix_blend_mode_passthrough preset--group--divi-group--divi-layout--dg66j0gdqp\">\n<div class=\"et_pb_heading_2 et_pb_heading et_pb_module et_flex_module preset--group--divi-heading--divi-font--hp5h6dj--jnk33ap9dy\"><div class=\"et_pb_heading_container\"><h2 class=\"et_pb_module_header\">Loose load handling attachments<\/h2><\/div><\/div>\n\n<div class=\"et_pb_text_3 et_pb_text et_pb_bg_layout_light et_pb_module et_flex_module preset--group--divi-text--divi-font-body--h1yjkjr--yw843l4qtf\"><div class=\"et_pb_text_inner\"><p>Indispensable helpers in the world of lifting and transporting.<\/p>\n<\/div><\/div>\n\n<div class=\"et_pb_module et_pb_button_module_wrapper et_pb_button_1_wrapper preset--module--divi-button--659vn77b6s_wrapper\"><a class=\"et_pb_button_1 et_pb_button et_pb_bg_layout_light et_pb_module et_flex_module preset--module--divi-button--659vn77b6s\" href=\"https:\/\/husch-handhabungstechnik.de\/en\/project\/lastaufnahmemittel\/\">To the load handling attachments<\/a><\/div>\n<\/div>\n<\/div>\n\n<div class=\"et_pb_column_5 et_pb_column et-last-child et_grid_column et_pb_css_mix_blend_mode_passthrough et_flex_column_12_24 et_flex_column_12_24_tablet et_flex_column_24_24_phone et_flex_column_12_24_widescreen preset--module--divi-column--puzjwmi6hz\">\n<div class=\"et_pb_gallery_1 et_pb_gallery et_pb_bg_layout_light et_pb_gallery_grid et_pb_module\" data-auto-rotate=\"off\" data-auto-rotate-speed=\"\"><div class=\"et_pb_gallery_items et_post_gallery clearfix et_grid_module\" data-per_page=\"4\"><div class=\"et_pb_gallery_item et_pb_grid_item et_pb_gallery_item_1_0\"><div class=\"et_pb_gallery_image landscape\" data-per_page=\"4\"><a href=\"https:\/\/husch-handhabungstechnik.de\/wp-content\/uploads\/2026\/01\/husch-lastaufnahmemittel-zylinderkopf.webp\" title=\"Load handling attachment for cylinder head\"><img loading=\"lazy\" decoding=\"async\" width=\"1697\" height=\"1157\" src=\"https:\/\/husch-handhabungstechnik.de\/wp-content\/uploads\/2026\/01\/husch-lastaufnahmemittel-zylinderkopf.webp\" alt=\"Ein Lastaufnahmemittel mit Bedienelementen und einer automatisch bet\u00e4tigten Greifmechanik zur Aufnahme von Zylinderk\u00f6pfen\" class=\"wp-image-318455\" srcset=\"https:\/\/husch-handhabungstechnik.de\/wp-content\/uploads\/2026\/01\/husch-lastaufnahmemittel-zylinderkopf.webp 479w, https:\/\/husch-handhabungstechnik.de\/wp-content\/uploads\/2026\/01\/husch-lastaufnahmemittel-zylinderkopf.webp 480w\" sizes=\"(max-width:479px) 479px, 100vw\" \/><span class=\"et_overlay\" data-icon=\"\" data-icon-tablet=\"\" data-icon-phone=\"\"><\/span><\/a><\/div><\/div><div class=\"et_pb_gallery_item et_pb_grid_item et_pb_gallery_item_1_1\"><div class=\"et_pb_gallery_image landscape\" data-per_page=\"4\"><a href=\"https:\/\/husch-handhabungstechnik.de\/wp-content\/uploads\/2026\/01\/lastaufnahmemittel-tablar-und-deckel-grafik.webp\" title=\"load-bearing device tray-and-lid-graphic\"><img loading=\"lazy\" decoding=\"async\" width=\"1272\" height=\"938\" src=\"https:\/\/husch-handhabungstechnik.de\/wp-content\/uploads\/2026\/01\/lastaufnahmemittel-tablar-und-deckel-grafik.webp\" alt=\"\" class=\"wp-image-318452\" srcset=\"https:\/\/husch-handhabungstechnik.de\/wp-content\/uploads\/2026\/01\/lastaufnahmemittel-tablar-und-deckel-grafik.webp 479w, https:\/\/husch-handhabungstechnik.de\/wp-content\/uploads\/2026\/01\/lastaufnahmemittel-tablar-und-deckel-grafik.webp 480w\" sizes=\"(max-width:479px) 479px, 100vw\" \/><span class=\"et_overlay\" data-icon=\"\" data-icon-tablet=\"\" data-icon-phone=\"\"><\/span><\/a><\/div><\/div><div class=\"et_pb_gallery_item et_pb_grid_item et_pb_gallery_item_1_2\"><div class=\"et_pb_gallery_image landscape\" data-per_page=\"4\"><a href=\"https:\/\/husch-handhabungstechnik.de\/wp-content\/uploads\/2026\/01\/husch-lastaufnahmemittel-karton.webp\" title=\"Load handling attachments for cardboard\"><img loading=\"lazy\" decoding=\"async\" width=\"1032\" height=\"1166\" src=\"https:\/\/husch-handhabungstechnik.de\/wp-content\/uploads\/2026\/01\/husch-lastaufnahmemittel-karton.webp\" alt=\"Ein Lastaufnahmemittel mit Bedienelementen, Anzeigen, Absturzsicherung und Saugern zur Aufnahme von Kartons\" class=\"wp-image-318446\" srcset=\"https:\/\/husch-handhabungstechnik.de\/wp-content\/uploads\/2026\/01\/husch-lastaufnahmemittel-karton.webp 479w, https:\/\/husch-handhabungstechnik.de\/wp-content\/uploads\/2026\/01\/husch-lastaufnahmemittel-karton.webp 480w\" sizes=\"(max-width:479px) 479px, 100vw\" \/><span class=\"et_overlay\" data-icon=\"\" data-icon-tablet=\"\" data-icon-phone=\"\"><\/span><\/a><\/div><\/div><div class=\"et_pb_gallery_item et_pb_grid_item et_pb_gallery_item_1_3\"><div class=\"et_pb_gallery_image landscape\" data-per_page=\"4\"><a href=\"https:\/\/husch-handhabungstechnik.de\/wp-content\/uploads\/2026\/01\/husch-lastaufnahmemittel-elektromotor-zoom.webp\" title=\"Load handling attachment for electric motor\"><img loading=\"lazy\" decoding=\"async\" width=\"1153\" height=\"1167\" src=\"https:\/\/husch-handhabungstechnik.de\/wp-content\/uploads\/2026\/01\/husch-lastaufnahmemittel-elektromotor-zoom.webp\" alt=\"Eine Lastaufnahmemittel mit Bedienelementen und einer manuell bet\u00e4tigten Greifmechanik zur Aufnahme eines Elektromotors\" class=\"wp-image-318458\" srcset=\"https:\/\/husch-handhabungstechnik.de\/wp-content\/uploads\/2026\/01\/husch-lastaufnahmemittel-elektromotor-zoom.webp 479w, https:\/\/husch-handhabungstechnik.de\/wp-content\/uploads\/2026\/01\/husch-lastaufnahmemittel-elektromotor-zoom.webp 480w\" sizes=\"(max-width:479px) 479px, 100vw\" \/><span class=\"et_overlay\" data-icon=\"\" data-icon-tablet=\"\" data-icon-phone=\"\"><\/span><\/a><\/div><\/div><\/div><\/div>\n<\/div>\n<\/div>\n<\/div>\n\n<div class=\"et_pb_section_4 et_pb_section et_section_regular et_flex_section\">\n<div class=\"et_pb_row_4 et_pb_row et_flex_row preset--module--divi-row--4q7ecc6e01\">\n<div class=\"et_pb_column_6 et_pb_column et_flex_column et_pb_css_mix_blend_mode_passthrough et_flex_column_12_24 et_flex_column_12_24_tablet et_flex_column_24_24_phone et_flex_column_12_24_widescreen\">\n<div class=\"et_pb_group_3 et_pb_group et-last-child et_pb_module et_flex_group et_pb_css_mix_blend_mode_passthrough preset--group--divi-group--divi-layout--dg66j0gdqp\">\n<div class=\"et_pb_heading_3 et_pb_heading et_pb_module et_flex_module preset--group--divi-heading--divi-spacing--m0rr46ilzp preset--group--divi-heading--divi-font--hp5h6dj--jnk33ap9dy\"><div class=\"et_pb_heading_container\"><h2 class=\"et_pb_module_header\">Light crane systems<\/h2><\/div><\/div>\n\n<div class=\"et_pb_text_4 et_pb_text et_pb_bg_layout_light et_pb_module et_flex_module preset--group--divi-text--divi-spacing--1q6lq8utwj preset--group--divi-text--divi-font-body--h1yjkjr--yw843l4qtf\"><div class=\"et_pb_text_inner\"><p>Flexible and efficient crane solutions for in-house material handling.<\/p>\n<\/div><\/div>\n\n<div class=\"et_pb_module et_pb_button_module_wrapper et_pb_button_2_wrapper preset--module--divi-button--659vn77b6s_wrapper\"><a class=\"et_pb_button_2 et_pb_button et_pb_bg_layout_light et_pb_module et_flex_module preset--module--divi-button--659vn77b6s\" href=\"https:\/\/husch-handhabungstechnik.de\/en\/project\/leichtkransysteme\/\">To the light crane systems<\/a><\/div>\n<\/div>\n<\/div>\n\n<div class=\"et_pb_column_7 et_pb_column et-last-child et_grid_column et_pb_css_mix_blend_mode_passthrough et_flex_column_12_24 et_flex_column_12_24_tablet et_flex_column_24_24_phone et_flex_column_12_24_widescreen preset--module--divi-column--puzjwmi6hz\">\n<div class=\"et_pb_gallery_2 et_pb_gallery et_pb_bg_layout_light et_pb_text_align_center et_pb_gallery_grid et_pb_module\" data-auto-rotate=\"off\" data-auto-rotate-speed=\"\"><div class=\"et_pb_gallery_items et_post_gallery clearfix et_grid_module\" data-per_page=\"4\"><div class=\"et_pb_gallery_item et_pb_grid_item et_pb_gallery_item_2_0\"><div class=\"et_pb_gallery_image landscape\" data-per_page=\"4\"><a href=\"https:\/\/husch-handhabungstechnik.de\/wp-content\/uploads\/2026\/01\/husch-handhabungssystem-achsmontage.webp\" title=\"TELESKOP manipulator for sequencing axes\"><img loading=\"lazy\" decoding=\"async\" width=\"1663\" height=\"777\" src=\"https:\/\/husch-handhabungstechnik.de\/wp-content\/uploads\/2026\/01\/husch-handhabungssystem-achsmontage.webp\" alt=\"Ein Leichtkransystem mit Stahlbau und zwei HUSCH TELESKOP- Manipulatoren zum abpacken von Achsen in der Achsmontage\" class=\"wp-image-318403\" srcset=\"https:\/\/husch-handhabungstechnik.de\/wp-content\/uploads\/2026\/01\/husch-handhabungssystem-achsmontage.webp 479w, https:\/\/husch-handhabungstechnik.de\/wp-content\/uploads\/2026\/01\/husch-handhabungssystem-achsmontage.webp 480w\" sizes=\"(max-width:479px) 479px, 100vw\" \/><span class=\"et_overlay\" data-icon=\"\" data-icon-tablet=\"\" data-icon-phone=\"\"><\/span><\/a><\/div><\/div><div class=\"et_pb_gallery_item et_pb_grid_item et_pb_gallery_item_2_1\"><div class=\"et_pb_gallery_image landscape\" data-per_page=\"4\"><a href=\"https:\/\/husch-handhabungstechnik.de\/wp-content\/uploads\/2026\/01\/husch-handhabungssystem-verdeck-einbau.webp\" title=\"TELESKOP manipulator for soft top installation\"><img loading=\"lazy\" decoding=\"async\" width=\"1682\" height=\"768\" src=\"https:\/\/husch-handhabungstechnik.de\/wp-content\/uploads\/2026\/01\/husch-handhabungssystem-verdeck-einbau.webp\" alt=\"Eine Zweitr\u00e4gerkranbahn mit Kranbr\u00fccken und zwei HUSCH TELESKOP Manipulatoren und Aufnahmevorrichtungen f\u00fcr den Verdeckeinbau\" class=\"wp-image-318407\" srcset=\"https:\/\/husch-handhabungstechnik.de\/wp-content\/uploads\/2026\/01\/husch-handhabungssystem-verdeck-einbau.webp 479w, https:\/\/husch-handhabungstechnik.de\/wp-content\/uploads\/2026\/01\/husch-handhabungssystem-verdeck-einbau.webp 480w\" sizes=\"(max-width:479px) 479px, 100vw\" \/><span class=\"et_overlay\" data-icon=\"\" data-icon-tablet=\"\" data-icon-phone=\"\"><\/span><\/a><\/div><\/div><div class=\"et_pb_gallery_item et_pb_grid_item et_pb_gallery_item_2_2\"><div class=\"et_pb_gallery_image landscape\" data-per_page=\"4\"><a href=\"https:\/\/husch-handhabungstechnik.de\/wp-content\/uploads\/2026\/01\/husch-handhabungssystem-kunststoffteile-und-kartons.png\" title=\"SEIL manipulator for plastic parts and cartons\"><img loading=\"lazy\" decoding=\"async\" width=\"1221\" height=\"1150\" src=\"https:\/\/husch-handhabungstechnik.de\/wp-content\/uploads\/2026\/01\/husch-handhabungssystem-kunststoffteile-und-kartons.png\" alt=\"Ein Schwenkausleger auf einer Stands\u00e4ule und einer mobilen Bodenplatte mit einem HUSCH Manipulator mit Saugvorrichtung\" class=\"wp-image-318405\" srcset=\"https:\/\/husch-handhabungstechnik.de\/wp-content\/uploads\/2026\/01\/husch-handhabungssystem-kunststoffteile-und-kartons.png 479w, https:\/\/husch-handhabungstechnik.de\/wp-content\/uploads\/2026\/01\/husch-handhabungssystem-kunststoffteile-und-kartons.png 480w\" sizes=\"(max-width:479px) 479px, 100vw\" \/><span class=\"et_overlay\" data-icon=\"\" data-icon-tablet=\"\" data-icon-phone=\"\"><\/span><\/a><\/div><\/div><\/div><\/div>\n<\/div>\n<\/div>\n<\/div>","protected":false},"excerpt":{"rendered":"","protected":false},"author":2,"featured_media":0,"parent":0,"menu_order":0,"comment_status":"closed","ping_status":"closed","template":"","meta":{"footnotes":""},"class_list":["post-14","page","type-page","status-publish","hentry"],"yoast_head":"<!-- This site is optimized with the Yoast SEO plugin v27.5 - https:\/\/yoast.com\/product\/yoast-seo-wordpress\/ -->\n<title>Produkte - HUSCH Handhabungstechnik<\/title>\n<meta name=\"robots\" content=\"index, follow, max-snippet:-1, max-image-preview:large, max-video-preview:-1\" \/>\n<link rel=\"canonical\" href=\"https:\/\/husch-handhabungstechnik.de\/en\/produkte\/\" \/>\n<meta property=\"og:locale\" content=\"en_GB\" \/>\n<meta property=\"og:type\" content=\"article\" \/>\n<meta property=\"og:title\" content=\"Produkte - HUSCH Handhabungstechnik\" \/>\n<meta property=\"og:url\" content=\"https:\/\/husch-handhabungstechnik.de\/en\/produkte\/\" \/>\n<meta property=\"og:site_name\" content=\"HUSCH Handhabungstechnik\" \/>\n<meta property=\"article:modified_time\" content=\"2026-02-13T12:35:30+00:00\" \/>\n<meta name=\"twitter:card\" content=\"summary_large_image\" \/>\n<script type=\"application\/ld+json\" class=\"yoast-schema-graph\">{\"@context\":\"https:\\\/\\\/schema.org\",\"@graph\":[{\"@type\":\"WebPage\",\"@id\":\"https:\\\/\\\/husch-handhabungstechnik.de\\\/produkte\\\/\",\"url\":\"https:\\\/\\\/husch-handhabungstechnik.de\\\/produkte\\\/\",\"name\":\"Produkte - HUSCH Handhabungstechnik\",\"isPartOf\":{\"@id\":\"https:\\\/\\\/husch-handhabungstechnik.de\\\/#website\"},\"datePublished\":\"2026-01-14T15:49:00+00:00\",\"dateModified\":\"2026-02-13T12:35:30+00:00\",\"breadcrumb\":{\"@id\":\"https:\\\/\\\/husch-handhabungstechnik.de\\\/produkte\\\/#breadcrumb\"},\"inLanguage\":\"en-GB\",\"potentialAction\":[{\"@type\":\"ReadAction\",\"target\":[\"https:\\\/\\\/husch-handhabungstechnik.de\\\/produkte\\\/\"]}]},{\"@type\":\"BreadcrumbList\",\"@id\":\"https:\\\/\\\/husch-handhabungstechnik.de\\\/produkte\\\/#breadcrumb\",\"itemListElement\":[{\"@type\":\"ListItem\",\"position\":1,\"name\":\"Home\",\"item\":\"https:\\\/\\\/husch-handhabungstechnik.de\\\/\"},{\"@type\":\"ListItem\",\"position\":2,\"name\":\"Produkte\"}]},{\"@type\":\"WebSite\",\"@id\":\"https:\\\/\\\/husch-handhabungstechnik.de\\\/#website\",\"url\":\"https:\\\/\\\/husch-handhabungstechnik.de\\\/\",\"name\":\"HUSCH Handhabungstechnik\",\"description\":\"Heben und Bewegen mit Leichtigkeit\",\"publisher\":{\"@id\":\"https:\\\/\\\/husch-handhabungstechnik.de\\\/#organization\"},\"potentialAction\":[{\"@type\":\"SearchAction\",\"target\":{\"@type\":\"EntryPoint\",\"urlTemplate\":\"https:\\\/\\\/husch-handhabungstechnik.de\\\/?s={search_term_string}\"},\"query-input\":{\"@type\":\"PropertyValueSpecification\",\"valueRequired\":true,\"valueName\":\"search_term_string\"}}],\"inLanguage\":\"en-GB\"},{\"@type\":\"Organization\",\"@id\":\"https:\\\/\\\/husch-handhabungstechnik.de\\\/#organization\",\"name\":\"HUSCH Handhabungstechnik\",\"url\":\"https:\\\/\\\/husch-handhabungstechnik.de\\\/\",\"logo\":{\"@type\":\"ImageObject\",\"inLanguage\":\"en-GB\",\"@id\":\"https:\\\/\\\/husch-handhabungstechnik.de\\\/#\\\/schema\\\/logo\\\/image\\\/\",\"url\":\"https:\\\/\\\/husch-handhabungstechnik.de\\\/wp-content\\\/uploads\\\/2026\\\/01\\\/husch-logo-header.png\",\"contentUrl\":\"https:\\\/\\\/husch-handhabungstechnik.de\\\/wp-content\\\/uploads\\\/2026\\\/01\\\/husch-logo-header.png\",\"width\":240,\"height\":118,\"caption\":\"HUSCH Handhabungstechnik\"},\"image\":{\"@id\":\"https:\\\/\\\/husch-handhabungstechnik.de\\\/#\\\/schema\\\/logo\\\/image\\\/\"}}]}<\/script>\n<!-- \/ Yoast SEO plugin. -->","yoast_head_json":{"title":"Produkte - HUSCH Handhabungstechnik","robots":{"index":"index","follow":"follow","max-snippet":"max-snippet:-1","max-image-preview":"max-image-preview:large","max-video-preview":"max-video-preview:-1"},"canonical":"https:\/\/husch-handhabungstechnik.de\/en\/produkte\/","og_locale":"en_GB","og_type":"article","og_title":"Produkte - HUSCH Handhabungstechnik","og_url":"https:\/\/husch-handhabungstechnik.de\/en\/produkte\/","og_site_name":"HUSCH Handhabungstechnik","article_modified_time":"2026-02-13T12:35:30+00:00","twitter_card":"summary_large_image","schema":{"@context":"https:\/\/schema.org","@graph":[{"@type":"WebPage","@id":"https:\/\/husch-handhabungstechnik.de\/produkte\/","url":"https:\/\/husch-handhabungstechnik.de\/produkte\/","name":"Produkte - HUSCH Handhabungstechnik","isPartOf":{"@id":"https:\/\/husch-handhabungstechnik.de\/#website"},"datePublished":"2026-01-14T15:49:00+00:00","dateModified":"2026-02-13T12:35:30+00:00","breadcrumb":{"@id":"https:\/\/husch-handhabungstechnik.de\/produkte\/#breadcrumb"},"inLanguage":"en-GB","potentialAction":[{"@type":"ReadAction","target":["https:\/\/husch-handhabungstechnik.de\/produkte\/"]}]},{"@type":"BreadcrumbList","@id":"https:\/\/husch-handhabungstechnik.de\/produkte\/#breadcrumb","itemListElement":[{"@type":"ListItem","position":1,"name":"Home","item":"https:\/\/husch-handhabungstechnik.de\/"},{"@type":"ListItem","position":2,"name":"Produkte"}]},{"@type":"WebSite","@id":"https:\/\/husch-handhabungstechnik.de\/#website","url":"https:\/\/husch-handhabungstechnik.de\/","name":"HUSCH Handling Technology","description":"Lifting and moving with ease","publisher":{"@id":"https:\/\/husch-handhabungstechnik.de\/#organization"},"potentialAction":[{"@type":"SearchAction","target":{"@type":"EntryPoint","urlTemplate":"https:\/\/husch-handhabungstechnik.de\/?s={search_term_string}"},"query-input":{"@type":"PropertyValueSpecification","valueRequired":true,"valueName":"search_term_string"}}],"inLanguage":"en-GB"},{"@type":"Organization","@id":"https:\/\/husch-handhabungstechnik.de\/#organization","name":"HUSCH Handling Technology","url":"https:\/\/husch-handhabungstechnik.de\/","logo":{"@type":"ImageObject","inLanguage":"en-GB","@id":"https:\/\/husch-handhabungstechnik.de\/#\/schema\/logo\/image\/","url":"https:\/\/husch-handhabungstechnik.de\/wp-content\/uploads\/2026\/01\/husch-logo-header.png","contentUrl":"https:\/\/husch-handhabungstechnik.de\/wp-content\/uploads\/2026\/01\/husch-logo-header.png","width":240,"height":118,"caption":"HUSCH Handhabungstechnik"},"image":{"@id":"https:\/\/husch-handhabungstechnik.de\/#\/schema\/logo\/image\/"}}]}},"_links":{"self":[{"href":"https:\/\/husch-handhabungstechnik.de\/en\/wp-json\/wp\/v2\/pages\/14","targetHints":{"allow":["GET"]}}],"collection":[{"href":"https:\/\/husch-handhabungstechnik.de\/en\/wp-json\/wp\/v2\/pages"}],"about":[{"href":"https:\/\/husch-handhabungstechnik.de\/en\/wp-json\/wp\/v2\/types\/page"}],"author":[{"embeddable":true,"href":"https:\/\/husch-handhabungstechnik.de\/en\/wp-json\/wp\/v2\/users\/2"}],"replies":[{"embeddable":true,"href":"https:\/\/husch-handhabungstechnik.de\/en\/wp-json\/wp\/v2\/comments?post=14"}],"version-history":[{"count":70,"href":"https:\/\/husch-handhabungstechnik.de\/en\/wp-json\/wp\/v2\/pages\/14\/revisions"}],"predecessor-version":[{"id":319347,"href":"https:\/\/husch-handhabungstechnik.de\/en\/wp-json\/wp\/v2\/pages\/14\/revisions\/319347"}],"wp:attachment":[{"href":"https:\/\/husch-handhabungstechnik.de\/en\/wp-json\/wp\/v2\/media?parent=14"}],"curies":[{"name":"wp","href":"https:\/\/api.w.org\/{rel}","templated":true}]}}